{"id":12,"date":"2019-02-05T18:59:46","date_gmt":"2019-02-05T17:59:46","guid":{"rendered":"https:\/\/doo-conseil.com\/?page_id=12"},"modified":"2021-03-01T13:50:36","modified_gmt":"2021-03-01T12:50:36","slug":"rejoignez-nous","status":"publish","type":"page","link":"https:\/\/doo.jocus.fr\/?page_id=12","title":{"rendered":"Rejoignez-nous"},"content":{"rendered":"<p>[et_pb_section bb_built=\u00a0\u00bb1&Prime; admin_label=\u00a0\u00bbHero\u00a0\u00bb _builder_version=\u00a0\u00bb3.2&Prime; background_color=\u00a0\u00bb#003063&Prime; use_background_color_gradient=\u00a0\u00bbon\u00a0\u00bb background_color_gradient_start=\u00a0\u00bbrgba(0,0,0,0.6)\u00a0\u00bb background_color_gradient_end=\u00a0\u00bbrgba(0,0,0,0.6)\u00a0\u00bb background_color_gradient_overlays_image=\u00a0\u00bbon\u00a0\u00bb custom_padding=\u00a0\u00bb110px|0px|0|0px|false|false\u00a0\u00bb animation_style=\u00a0\u00bbzoom\u00a0\u00bb animation_intensity_zoom=\u00a0\u00bb4%\u00a0\u00bb][et_pb_row _builder_version=\u00a0\u00bb3.0.47&Prime; background_size=\u00a0\u00bbinitial\u00a0\u00bb background_position=\u00a0\u00bbtop_left\u00a0\u00bb background_repeat=\u00a0\u00bbrepeat\u00a0\u00bb][et_pb_column type=\u00a0\u00bb2_3&Prime;][et_pb_text _builder_version=\u00a0\u00bb3.2&Prime; text_text_color=\u00a0\u00bb#ffffff\u00a0\u00bb header_text_color=\u00a0\u00bb#ffffff\u00a0\u00bb background_layout=\u00a0\u00bbdark\u00a0\u00bb]<\/p>\n<div class=\"et_pb_module et_pb_text et_pb_text_0 et_animated et_pb_bg_layout_light et_pb_text_align_left fade\">\n<div class=\"et_pb_text_inner\">\n<h1>NOUS REJOINDRE<\/h1>\n<\/div>\n<\/div>\n<div class=\"et_pb_module et_pb_text et_pb_text_1 et_animated et_pb_bg_layout_light et_pb_text_align_justified flipTop\">\n<div class=\"et_pb_text_inner\">\n<ul>\n<li>\n<h4><strong><span style=\"color: #2394a2;\">Conseil en relation client<\/span><\/strong><\/h4>\n<p style=\"text-align: justify;\"><span style=\"font-size: medium;\"><span class=\"Apple-converted-space\">D<\/span>ans le cadre de son d\u00e9veloppement, DOO Conseil est \u00e0 la recherche de personnes susceptibles de rejoindre l\u2019\u00e9quipe comme consultant(e) ou comme stagiaire. Id\u00e9alement Bac + 4 ou 5, d\u00e9butant(e)s ou exp\u00e9riment\u00e9(e)s, nous apportons de l\u2019importance \u00e0 la curiosit\u00e9, \u00e0 l\u2019enthousiasme, \u00e0 la rigueur et \u00e0 l\u2019engagement. Nous sommes \u00e9galement sensibles aux exp\u00e9riences personnelles, en milieu associatif par exemple.<\/span><\/p>\n<\/li>\n<\/ul>\n<\/div>\n<\/div>\n<p>[\/et_pb_text][et_pb_text _builder_version=\u00a0\u00bb3.2&Prime; text_text_color=\u00a0\u00bb#ffffff\u00a0\u00bb header_text_color=\u00a0\u00bb#ffffff\u00a0\u00bb background_layout=\u00a0\u00bbdark\u00a0\u00bb]<\/p>\n<div class=\"et_pb_module et_pb_text et_pb_text_0 et_animated et_pb_bg_layout_light et_pb_text_align_left fade\"><\/div>\n<div class=\"et_pb_module et_pb_text et_pb_text_1 et_animated et_pb_bg_layout_light et_pb_text_align_justified flipTop\">\n<div class=\"et_pb_text_inner\">\n<ul>\n<li>\n<h4><strong><span style=\"color: #2394a2;\">Inclusion<\/span><\/strong><\/h4>\n<p style=\"text-align: justify;\"><span style=\"font-size: medium;\"><span class=\"Apple-converted-space\">V<\/span><span style=\"font-size: medium; text-align: left;\">ous vous<\/span><span style=\"font-size: 18px;\">\u00a0 <\/span><span style=\"font-size: medium; text-align: left;\">sentez \u00ab mal \u00e0 l\u2019aise\u00a0\u00bb ou en difficult\u00e9 avec l\u2019univers professionnel malgr\u00e9 votre d\u00e9sir grandissant de vous investir dans un m\u00e9tier ? Si travailler dans les m\u00e9tiers de<\/span><span style=\"font-size: 18px;\">\u00a0 <\/span><span style=\"font-size: medium; text-align: left;\">la relation client ou dans l\u2019univers du digital vous rend curieux, vous pouvez nous \u00e9crire. Nous lirons avec attention votre candidature et nous vous r\u00e9pondrons.<\/span><span style=\"font-size: 18px;\">\u00a0<\/span><\/span><\/p>\n<\/li>\n<\/ul>\n<\/div>\n<\/div>\n<p>[\/et_pb_text][\/et_pb_column][et_pb_column type=\u00a0\u00bb1_3&Prime;][et_pb_image src=\u00a0\u00bbhttps:\/\/doo-conseil.com\/wp-content\/uploads\/2020\/11\/Diapositive1.png\u00a0\u00bb _builder_version=\u00a0\u00bb3.2&Prime; animation_style=\u00a0\u00bbslide\u00a0\u00bb animation_direction=\u00a0\u00bbleft\u00a0\u00bb]<\/p>\n<p>&nbsp;<\/p>\n<p>[\/et_pb_image][\/et_pb_column][\/et_pb_row][et_pb_row][et_pb_column type=\u00a0\u00bb4_4&Prime;][et_pb_text _builder_version=\u00a0\u00bb3.2&Prime; text_text_color=\u00a0\u00bb#ffffff\u00a0\u00bb text_font_size=\u00a0\u00bb18px\u00a0\u00bb]<\/p>\n<p><span style=\"font-size: medium;\">Nous privil\u00e9gions \u00ab LA \u00bb rencontre car une \u00e9quipe n\u2019est jamais un simple empilement de talents, mais plusieurs personnes d\u00e9sireuses de travailler ensemble.<\/span><\/p>\n<p><span style=\"font-size: medium;\">L\u2019adresse pour nous contacter : <span style=\"color: #2394a2;\">contact@doo-conseil.com\u00a0<\/span><\/span><\/p>\n<p>[\/et_pb_text][\/et_pb_column][\/et_pb_row][et_pb_row][et_pb_column type=\u00a0\u00bb1_4&Prime;][et_pb_image _builder_version=\u00a0\u00bb3.2&Prime; src=\u00a0\u00bbhttps:\/\/doo-conseil.com\/wp-content\/uploads\/2021\/03\/Capture-d\u2019\u00e9cran-2021-02-25-\u00e0-12.57.53.png\u00a0\u00bb \/][\/et_pb_column][et_pb_column type=\u00a0\u00bb1_4&Prime;][et_pb_image _builder_version=\u00a0\u00bb3.2&Prime; src=\u00a0\u00bbhttps:\/\/doo-conseil.com\/wp-content\/uploads\/2021\/03\/Capture-d\u2019\u00e9cran-2021-03-01-\u00e0-13.27.18.png\u00a0\u00bb \/][\/et_pb_column][et_pb_column type=\u00a0\u00bb1_4&Prime;][et_pb_image _builder_version=\u00a0\u00bb3.2&Prime; src=\u00a0\u00bbhttps:\/\/doo-conseil.com\/wp-content\/uploads\/2021\/03\/Capture-d\u2019\u00e9cran-2021-03-01-\u00e0-13.29.50.png\u00a0\u00bb \/][\/et_pb_column][et_pb_column type=\u00a0\u00bb1_4&Prime;][et_pb_image _builder_version=\u00a0\u00bb3.2&Prime; src=\u00a0\u00bbhttps:\/\/doo-conseil.com\/wp-content\/uploads\/2019\/11\/Unknown-1.png\u00a0\u00bb \/][et_pb_image _builder_version=\u00a0\u00bb3.2&Prime; src=\u00a0\u00bbhttps:\/\/doo-conseil.com\/wp-content\/uploads\/2019\/11\/Unknown.jpeg\u00a0\u00bb \/][\/et_pb_column][\/et_pb_row][\/et_pb_section]<\/p>\n","protected":false},"excerpt":{"rendered":"<p>[et_pb_section bb_built=\u00a0\u00bb1&Prime; admin_label=\u00a0\u00bbHero\u00a0\u00bb _builder_version=\u00a0\u00bb3.2&Prime; background_color=\u00a0\u00bb#003063&Prime; use_background_color_gradient=\u00a0\u00bbon\u00a0\u00bb background_color_gradient_start=\u00a0\u00bbrgba(0,0,0,0.6)\u00a0\u00bb background_color_gradient_end=\u00a0\u00bbrgba(0,0,0,0.6)\u00a0\u00bb background_color_gradient_overlays_image=\u00a0\u00bbon\u00a0\u00bb custom_padding=\u00a0\u00bb110px|0px|0|0px|false|false\u00a0\u00bb animation_style=\u00a0\u00bbzoom\u00a0\u00bb animation_intensity_zoom=\u00a0\u00bb4%\u00a0\u00bb][et_pb_row _builder_version=\u00a0\u00bb3.0.47&Prime; background_size=\u00a0\u00bbinitial\u00a0\u00bb background_position=\u00a0\u00bbtop_left\u00a0\u00bb background_repeat=\u00a0\u00bbrepeat\u00a0\u00bb][et_pb_column type=\u00a0\u00bb2_3&Prime;][et_pb_text _builder_version=\u00a0\u00bb3.2&Prime; text_text_color=\u00a0\u00bb#ffffff\u00a0\u00bb header_text_color=\u00a0\u00bb#ffffff\u00a0\u00bb background_layout=\u00a0\u00bbdark\u00a0\u00bb] NOUS REJOINDRE Conseil en relation client Dans le cadre de son d\u00e9veloppement, DOO Conseil est \u00e0 la recherche de personnes susceptibles de rejoindre l\u2019\u00e9quipe comme consultant(e) ou comme stagiaire. Id\u00e9alement Bac + 4 ou [&hellip;]<\/p>\n","protected":false},"author":1,"featured_media":0,"parent":0,"menu_order":0,"comment_status":"closed","ping_status":"closed","template":"","meta":{"_et_pb_use_builder":"on","_et_pb_old_content":"","_et_gb_content_width":"","_mi_skip_tracking":false},"_links":{"self":[{"href":"https:\/\/doo.jocus.fr\/index.php?rest_route=\/wp\/v2\/pages\/12"}],"collection":[{"href":"https:\/\/doo.jocus.fr\/index.php?rest_route=\/wp\/v2\/pages"}],"about":[{"href":"https:\/\/doo.jocus.fr\/index.php?rest_route=\/wp\/v2\/types\/page"}],"author":[{"embeddable":true,"href":"https:\/\/doo.jocus.fr\/index.php?rest_route=\/wp\/v2\/users\/1"}],"replies":[{"embeddable":true,"href":"https:\/\/doo.jocus.fr\/index.php?rest_route=%2Fwp%2Fv2%2Fcomments&post=12"}],"version-history":[{"count":32,"href":"https:\/\/doo.jocus.fr\/index.php?rest_route=\/wp\/v2\/pages\/12\/revisions"}],"predecessor-version":[{"id":1002,"href":"https:\/\/doo.jocus.fr\/index.php?rest_route=\/wp\/v2\/pages\/12\/revisions\/1002"}],"wp:attachment":[{"href":"https:\/\/doo.jocus.fr\/index.php?rest_route=%2Fwp%2Fv2%2Fmedia&parent=12"}],"curies":[{"name":"wp","href":"https:\/\/api.w.org\/{rel}","templated":true}]}}