{"id":1222,"date":"2022-01-03T12:06:58","date_gmt":"2022-01-03T11:06:58","guid":{"rendered":"https:\/\/doo-conseil.com\/?page_id=1222"},"modified":"2022-01-12T17:43:21","modified_gmt":"2022-01-12T16:43:21","slug":"linclusion-professionnelle","status":"publish","type":"page","link":"https:\/\/doo.jocus.fr\/?page_id=1222","title":{"rendered":"Inclusion professionnelle"},"content":{"rendered":"<p>[et_pb_section bb_built=\u00a0\u00bb1&Prime;][et_pb_row][et_pb_column type=\u00a0\u00bb4_4&Prime;][et_pb_text admin_label=\u00a0\u00bbTitre L&rsquo;inclusion professionnelle\u00a0\u00bb _builder_version=\u00a0\u00bb3.2&Prime;]<\/p>\n<h2 style=\"text-align: center;\"><strong><span style=\"color: #2394a2;\">L&rsquo;inclusion professionnelle<\/span><\/strong><\/h2>\n<p>[\/et_pb_text][\/et_pb_column][\/et_pb_row][et_pb_row][et_pb_column type=\u00a0\u00bb4_4&Prime;][et_pb_text _builder_version=\u00a0\u00bb3.2&Prime;]<\/p>\n<p>Nous d\u00e9veloppons l\u2019inclusion professionnelle aupr\u00e8s des entreprises et des personnes autistes ou ayant des particularit\u00e9s psychiques souhaitant travailler.<\/p>\n<p>Nous prenons appui sur nos exp\u00e9riences personnelles, associatives et professionnelles pour d\u00e9velopper une<strong><span style=\"color: #065d6b;\"> inclusion progressive<\/span> <\/strong>qui est au coeur de notre offre.<\/p>\n<p>Chacune de nos prestations est con\u00e7ue en partant des besoins concrets identifi\u00e9s sur le terrain et s&rsquo;adapte \u00e0 chaque demande.<\/p>\n<p>[\/et_pb_text][\/et_pb_column][\/et_pb_row][et_pb_row][et_pb_column type=\u00a0\u00bb1_2&Prime;][et_pb_text admin_label=\u00a0\u00bbL&rsquo;inclusion professionnelle\u00a0\u00bb _builder_version=\u00a0\u00bb3.2&Prime;]<\/p>\n<p>Que vous soyez une entreprise, une organisation ou une personne en demande d&rsquo;inclusion, d\u00e9couvrez comment nous pouvons vous accompagner \u00e0 travers :<\/p>\n<p>&nbsp;<\/p>\n<ul>\n<li>\n<h4><a href=\"https:\/\/doo-conseil.com\/offre-2\/linclusion-professionnelle\/inclusion-professionnelle-progressive\/\"><strong><span style=\"color: #065d6b;\">L&rsquo;inclusion<\/span><\/strong><strong><span style=\"color: #065d6b;\"> professionnelle progressive<\/span><\/strong><\/a><\/h4>\n<\/li>\n<li>\n<h4><a href=\"https:\/\/doo-conseil.com\/offre-2\/linclusion-professionnelle\/sous-traitance\/\"><strong><span style=\"color: #065d6b;\">La <\/span><\/strong><strong><span style=\"color: #065d6b;\">sous-traitance\u00a0<\/span><\/strong><\/a><\/h4>\n<\/li>\n<li>\n<h4><a href=\"https:\/\/doo-conseil.com\/offre-2\/linclusion-professionnelle\/le-bureau-inclusif\/\"><strong><span style=\"color: #065d6b;\">Le bureau inclusif<\/span><\/strong><\/a><\/h4>\n<\/li>\n<li>\n<h4><a href=\"https:\/\/doo-conseil.com\/offre-2\/linclusion-professionnelle\/formations-a-linclusion\/\"><strong><span style=\"color: #065d6b;\">Les formations \u00e0 l&rsquo;inclusion<\/span><\/strong><\/a><\/h4>\n<\/li>\n<\/ul>\n<p>[\/et_pb_text][\/et_pb_column][et_pb_column type=\u00a0\u00bb1_2&Prime;][et_pb_image _builder_version=\u00a0\u00bb3.2&Prime; src=\u00a0\u00bbhttps:\/\/doo-conseil.com\/wp-content\/uploads\/2019\/02\/shutterstock_703459264-1.jpg\u00a0\u00bb max_width=\u00a0\u00bb85%\u00a0\u00bb \/][\/et_pb_column][\/et_pb_row][\/et_pb_section]<\/p>\n","protected":false},"excerpt":{"rendered":"<p>[et_pb_section bb_built=\u00a0\u00bb1&Prime;][et_pb_row][et_pb_column type=\u00a0\u00bb4_4&Prime;][et_pb_text admin_label=\u00a0\u00bbTitre L&rsquo;inclusion professionnelle\u00a0\u00bb _builder_version=\u00a0\u00bb3.2&Prime;] L&rsquo;inclusion professionnelle [\/et_pb_text][\/et_pb_column][\/et_pb_row][et_pb_row][et_pb_column type=\u00a0\u00bb4_4&Prime;][et_pb_text _builder_version=\u00a0\u00bb3.2&Prime;] Nous d\u00e9veloppons l\u2019inclusion professionnelle aupr\u00e8s des entreprises et des personnes autistes ou ayant des particularit\u00e9s psychiques souhaitant travailler. Nous prenons appui sur nos exp\u00e9riences personnelles, associatives et professionnelles pour d\u00e9velopper une inclusion progressive qui est au coeur de notre offre. Chacune de nos [&hellip;]<\/p>\n","protected":false},"author":1,"featured_media":0,"parent":1248,"menu_order":0,"comment_status":"closed","ping_status":"closed","template":"","meta":{"_et_pb_use_builder":"on","_et_pb_old_content":"<p>Nous d\u00e9veloppons l\u2019inclusion professionnelle aupr\u00e8s des entreprises et des personnes autistes ou ayant des particularit\u00e9s psychiques.<\/p><p>Nous prenons appui sur nos exp\u00e9riences personnelles, associatives et professionnelles. Chacune de nos prestations est con\u00e7ue en partant des besoins concrets identifi\u00e9s sur le terrain.<\/p><p>D\u00e9couvrez nos services :<\/p><ul><li>L'inclusion professionnelle progressive<\/li><li>La sous-traitance<\/li><li>La formation<\/li><li>La mise \u00e0 disposition du bureau inclusif<\/li><\/ul>","_et_gb_content_width":"","_mi_skip_tracking":false},"_links":{"self":[{"href":"https:\/\/doo.jocus.fr\/index.php?rest_route=\/wp\/v2\/pages\/1222"}],"collection":[{"href":"https:\/\/doo.jocus.fr\/index.php?rest_route=\/wp\/v2\/pages"}],"about":[{"href":"https:\/\/doo.jocus.fr\/index.php?rest_route=\/wp\/v2\/types\/page"}],"author":[{"embeddable":true,"href":"https:\/\/doo.jocus.fr\/index.php?rest_route=\/wp\/v2\/users\/1"}],"replies":[{"embeddable":true,"href":"https:\/\/doo.jocus.fr\/index.php?rest_route=%2Fwp%2Fv2%2Fcomments&post=1222"}],"version-history":[{"count":24,"href":"https:\/\/doo.jocus.fr\/index.php?rest_route=\/wp\/v2\/pages\/1222\/revisions"}],"predecessor-version":[{"id":1360,"href":"https:\/\/doo.jocus.fr\/index.php?rest_route=\/wp\/v2\/pages\/1222\/revisions\/1360"}],"up":[{"embeddable":true,"href":"https:\/\/doo.jocus.fr\/index.php?rest_route=\/wp\/v2\/pages\/1248"}],"wp:attachment":[{"href":"https:\/\/doo.jocus.fr\/index.php?rest_route=%2Fwp%2Fv2%2Fmedia&parent=1222"}],"curies":[{"name":"wp","href":"https:\/\/api.w.org\/{rel}","templated":true}]}}