{"id":1248,"date":"2022-01-04T14:30:52","date_gmt":"2022-01-04T13:30:52","guid":{"rendered":"https:\/\/doo-conseil.com\/?page_id=1248"},"modified":"2022-02-08T19:11:07","modified_gmt":"2022-02-08T18:11:07","slug":"offre-2","status":"publish","type":"page","link":"https:\/\/doo.jocus.fr\/?page_id=1248","title":{"rendered":"Offre"},"content":{"rendered":"<p>[et_pb_section bb_built=\u00a0\u00bb1&Prime;][et_pb_row _builder_version=\u00a0\u00bb3.2&Prime;][et_pb_column type=\u00a0\u00bb4_4&Prime;][et_pb_text _builder_version=\u00a0\u00bb3.2&Prime;]<\/p>\n<p><span style=\"color: #065d6b;\"><strong>Soci\u00e9t\u00e9 Commerciale de L&rsquo;\u00c9conomie Sociale et Solidaire<\/strong><\/span>, DOO conseil a pour vocation une approche humaine et performante. Nos intervenons sur trois domaines d&rsquo;expertises reli\u00e9s par la volont\u00e9 de faire du monde de demain un monde durable et apais\u00e9.<\/p>\n<p>[\/et_pb_text][\/et_pb_column][\/et_pb_row][et_pb_row _builder_version=\u00a0\u00bb3.2&Prime;][et_pb_column type=\u00a0\u00bb1_4&Prime;][et_pb_image _builder_version=\u00a0\u00bb3.2&Prime; src=\u00a0\u00bbhttps:\/\/doo-conseil.com\/wp-content\/uploads\/2022\/01\/88977891_m.jpg\u00a0\u00bb url=\u00a0\u00bbhttps:\/\/doo-conseil.com\/offre\u00a0\u00bb \/][\/et_pb_column][et_pb_column type=\u00a0\u00bb3_4&Prime;][et_pb_text _builder_version=\u00a0\u00bb3.2&Prime;]<\/p>\n<p><span style=\"text-decoration: underline;\"><a href=\"https:\/\/doo-conseil.com\/offre\/\"><span style=\"color: #2394a2;\"><strong>Exp\u00e9rience client<\/strong><\/span><\/a><\/span><\/p>\n<p>Chaque interaction est l&rsquo;opportunit\u00e9 de cr\u00e9er de la valeur. Ainsi, nous vous accompagnons sur la construction ou l&rsquo;am\u00e9lioration de l&rsquo;exp\u00e9rience de vos clients tout au long de leurs parcours, de l&rsquo;acquisition \u00e0 la fid\u00e9lisation, du service client au recouvrement amiable. Nous intervenons sur l&rsquo;am\u00e9lioration des processus de gestion, nous vous aidons \u00e0 am\u00e9liorer vos strat\u00e9gies de gestion des contacts et vos tactiques de relation client.<\/p>\n<p><span style=\"text-decoration: underline; color: #2394a2;\"><strong><a style=\"color: #2394a2; text-decoration: underline;\" href=\"https:\/\/doo-conseil.com\/offre\/\">D\u00e9couvrir notre approche<\/a><\/strong><\/span><\/p>\n<p>&nbsp;<\/p>\n<p>&nbsp;<\/p>\n<p>[\/et_pb_text][\/et_pb_column][\/et_pb_row][et_pb_row][et_pb_column type=\u00a0\u00bb1_4&Prime;][et_pb_image _builder_version=\u00a0\u00bb3.2&Prime; src=\u00a0\u00bbhttps:\/\/doo-conseil.com\/wp-content\/uploads\/2022\/01\/130326770_m.jpg\u00a0\u00bb url=\u00a0\u00bbhttps:\/\/doo-conseil.com\/experience-patient\/\u00a0\u00bb \/][\/et_pb_column][et_pb_column type=\u00a0\u00bb3_4&Prime;][et_pb_text _builder_version=\u00a0\u00bb3.2&Prime;]<\/p>\n<p><span style=\"text-decoration: underline; color: #2394a2;\"><strong><a style=\"color: #2394a2; text-decoration: underline;\" href=\"https:\/\/doo-conseil.com\/experience-patient\/\">Exp\u00e9rience Patient<\/a><\/strong><\/span><\/p>\n<p>Parce que nous sommes experts de nos m\u00e9tiers depuis plus de vingt ans en exp\u00e9rience client mais aussi parce que nos fondateurs sont engag\u00e9s dans le tissu associatifs aupr\u00e8s des personnes porteuses de handicap et aux c\u00f4t\u00e9 des structures de soin et du m\u00e9dico-social, nous mettons en oeuvre nos savoir-faire dans les structures hospitali\u00e8res.<\/p>\n<p><a href=\"https:\/\/doo-conseil.com\/experience-patient\/\"><span style=\"text-decoration: underline;\"><strong><span style=\"color: #2394a2; text-decoration: underline;\">D\u00e9couvrir notre approche<\/span><\/strong><\/span><\/a><\/p>\n<p>&nbsp;<\/p>\n<p>[\/et_pb_text][\/et_pb_column][\/et_pb_row][et_pb_row][et_pb_column type=\u00a0\u00bb1_4&Prime;][et_pb_image _builder_version=\u00a0\u00bb3.2&Prime; src=\u00a0\u00bbhttps:\/\/doo-conseil.com\/wp-content\/uploads\/2019\/02\/shutterstock_703459264-1.jpg\u00a0\u00bb url=\u00a0\u00bbhttps:\/\/doo-conseil.com\/linclusion-professionnelle\/\u00a0\u00bb \/][\/et_pb_column][et_pb_column type=\u00a0\u00bb3_4&Prime;][et_pb_text _builder_version=\u00a0\u00bb3.2&Prime;]<\/p>\n<p><a href=\"https:\/\/doo-conseil.com\/linclusion-professionnelle\/\"><span style=\"text-decoration: underline; color: #2394a2;\"><strong>L&rsquo;inclusion professionnelle<\/strong><\/span><\/a><\/p>\n<p>Nos fondateurs, parents engag\u00e9s depuis plus de dix ans aux c\u00f4t\u00e9s des personnes pr\u00e9sentant des troubles du spectre de l&rsquo;autisme, ont plac\u00e9 l&rsquo;inclusion au coeur des missions de DOO conseil. Nous proposons un accompagnement des personnes et des entreprises pour faciliter une d\u00e9marche inclusive efficace et apais\u00e9e.<\/p>\n<p><span style=\"text-decoration: underline;\"><strong><span style=\"color: #2394a2;\"><a style=\"color: #2394a2; text-decoration: underline;\" href=\"https:\/\/doo-conseil.com\/linclusion-professionnelle\/\">D\u00e9couvrir notre approche<\/a><\/span><\/strong><\/span><\/p>\n<p>[\/et_pb_text][\/et_pb_column][\/et_pb_row][\/et_pb_section]<\/p>\n","protected":false},"excerpt":{"rendered":"<p>[et_pb_section bb_built=\u00a0\u00bb1&Prime;][et_pb_row _builder_version=\u00a0\u00bb3.2&Prime;][et_pb_column type=\u00a0\u00bb4_4&Prime;][et_pb_text _builder_version=\u00a0\u00bb3.2&Prime;] Soci\u00e9t\u00e9 Commerciale de L&rsquo;\u00c9conomie Sociale et Solidaire, DOO conseil a pour vocation une approche humaine et performante. Nos intervenons sur trois domaines d&rsquo;expertises reli\u00e9s par la volont\u00e9 de faire du monde de demain un monde durable et apais\u00e9. [\/et_pb_text][\/et_pb_column][\/et_pb_row][et_pb_row _builder_version=\u00a0\u00bb3.2&Prime;][et_pb_column type=\u00a0\u00bb1_4&Prime;][et_pb_image _builder_version=\u00a0\u00bb3.2&Prime; src=\u00a0\u00bbhttps:\/\/doo-conseil.com\/wp-content\/uploads\/2022\/01\/88977891_m.jpg\u00a0\u00bb url=\u00a0\u00bbhttps:\/\/doo-conseil.com\/offre\u00a0\u00bb \/][\/et_pb_column][et_pb_column type=\u00a0\u00bb3_4&Prime;][et_pb_text _builder_version=\u00a0\u00bb3.2&Prime;] Exp\u00e9rience client Chaque [&hellip;]<\/p>\n","protected":false},"author":1,"featured_media":0,"parent":0,"menu_order":0,"comment_status":"closed","ping_status":"closed","template":"","meta":{"_et_pb_use_builder":"on","_et_pb_old_content":"","_et_gb_content_width":"","_mi_skip_tracking":false},"_links":{"self":[{"href":"https:\/\/doo.jocus.fr\/index.php?rest_route=\/wp\/v2\/pages\/1248"}],"collection":[{"href":"https:\/\/doo.jocus.fr\/index.php?rest_route=\/wp\/v2\/pages"}],"about":[{"href":"https:\/\/doo.jocus.fr\/index.php?rest_route=\/wp\/v2\/types\/page"}],"author":[{"embeddable":true,"href":"https:\/\/doo.jocus.fr\/index.php?rest_route=\/wp\/v2\/users\/1"}],"replies":[{"embeddable":true,"href":"https:\/\/doo.jocus.fr\/index.php?rest_route=%2Fwp%2Fv2%2Fcomments&post=1248"}],"version-history":[{"count":8,"href":"https:\/\/doo.jocus.fr\/index.php?rest_route=\/wp\/v2\/pages\/1248\/revisions"}],"predecessor-version":[{"id":1261,"href":"https:\/\/doo.jocus.fr\/index.php?rest_route=\/wp\/v2\/pages\/1248\/revisions\/1261"}],"wp:attachment":[{"href":"https:\/\/doo.jocus.fr\/index.php?rest_route=%2Fwp%2Fv2%2Fmedia&parent=1248"}],"curies":[{"name":"wp","href":"https:\/\/api.w.org\/{rel}","templated":true}]}}