{"id":1374,"date":"2022-02-01T12:04:36","date_gmt":"2022-02-01T11:04:36","guid":{"rendered":"https:\/\/doo-conseil.com\/?page_id=1374"},"modified":"2022-03-18T18:09:03","modified_gmt":"2022-03-18T17:09:03","slug":"les-actus","status":"publish","type":"page","link":"https:\/\/doo.jocus.fr\/?page_id=1374","title":{"rendered":"Les actus d&rsquo;Emilie"},"content":{"rendered":"<p>[et_pb_section bb_built=\u00a0\u00bb1&Prime; fullwidth=\u00a0\u00bboff\u00a0\u00bb specialty=\u00a0\u00bboff\u00a0\u00bb next_background_color=\u00a0\u00bb#000000&Prime;][et_pb_row][et_pb_column type=\u00a0\u00bb4_4&Prime;][et_pb_text _builder_version=\u00a0\u00bb3.2&Prime;]<\/p>\n<h1 style=\"text-align: left;\"><span style=\"color: #153b64;\"><strong><img loading=\"lazy\" class=\"size-thumbnail wp-image-1519 alignleft\" src=\"https:\/\/doo-conseil.com\/wp-content\/uploads\/2022\/02\/P1030537-copie-150x150.png\" alt=\"\" width=\"150\" height=\"150\" \/>Les actus d&rsquo;Emilie<\/strong><\/span><\/h1>\n<p><span style=\"color: #153b64;\"><em>Exp\u00e9rience patient, exp\u00e9rience client, inclusion&#8230; Chaque semaine Emilie nous propose une s\u00e9lection d&rsquo;actus et d&rsquo;articles fran\u00e7ais mais aussi internationaux qui nous aident \u00e0 d\u00e9crypter l&rsquo;\u00e9volution des pratiques et \u00e0 y voir clair dans nos m\u00e9tiers. Nous vous les partageons ici.<\/em><\/span><\/p>\n<p>[\/et_pb_text][\/et_pb_column][\/et_pb_row][et_pb_row][et_pb_column type=\u00a0\u00bb4_4&Prime;][et_pb_divider _builder_version=\u00a0\u00bb3.2&Prime; color=\u00a0\u00bb#153b64&Prime; \/][\/et_pb_column][\/et_pb_row][\/et_pb_section][et_pb_section bb_built=\u00a0\u00bb1&Prime; next_background_color=\u00a0\u00bb#000000&Prime; prev_background_color=\u00a0\u00bb#000000&Prime;][et_pb_row][et_pb_column type=\u00a0\u00bb1_3&Prime;][et_pb_image _builder_version=\u00a0\u00bb3.2&Prime; src=\u00a0\u00bbhttps:\/\/doo-conseil.com\/wp-content\/uploads\/2022\/03\/gestion-des-donn\u00e9es.jpg\u00a0\u00bb url_new_window=\u00a0\u00bbon\u00a0\u00bb url=\u00a0\u00bbhttps:\/\/doo-conseil.com\/les-actus-demilie-18-03-2022\/\u00a0\u00bb \/][\/et_pb_column][et_pb_column type=\u00a0\u00bb2_3&Prime;][et_pb_text _builder_version=\u00a0\u00bb3.2&Prime;]<\/p>\n<h1 style=\"text-align: left;\"><a href=\"https:\/\/doo-conseil.com\/les-actus-demilie-18-03-2022\/\"><span style=\"color: #153b64;\"><span style=\"color: #e1ab10;\">Les actus d&rsquo;Emilie<\/span> &#8211; | L&rsquo;importance de la pertinence en exp\u00e9rience client, la gestion des donn\u00e9es, l&rsquo;inclusion en France<\/span><span style=\"color: #153b64;\">\u00a0<\/span><span style=\"color: #153b64;\">|<\/span><\/a><\/h1>\n<p>[\/et_pb_text][et_pb_text _builder_version=\u00a0\u00bb3.2&Prime;]<\/p>\n<p><a href=\"https:\/\/doo-conseil.com\/les-actus-demilie-18-03-2022\/\"><span style=\"font-weight: 400;\">Le forum Vogue Business et Fast CX met l&rsquo;accent sur l&rsquo;importance d&rsquo;\u00eatre disponible pour les clients, au bon moment, au bon endroit, et avec les bonnes informations. Une personnalisation va \u00eatre propos\u00e9e par le partenariat Adobe x BMW. Les donn\u00e9es ont besoin d&rsquo;\u00eatre correctement g\u00e9r\u00e9es en exp\u00e9rience client et en exp\u00e9rience patient, et cela ne suffit pas. En France, des actions en mati\u00e8re d&rsquo;inclusion sont mises en place. <\/span><\/a><\/p>\n<p>[\/et_pb_text][et_pb_text _builder_version=\u00a0\u00bb3.2&Prime;]<\/p>\n<p><a href=\"https:\/\/doo-conseil.com\/les-actus-demilie-18-03-2022\/\"><span style=\"color: #808080;\">18 mars 2022<\/span><\/a><\/p>\n<p>[\/et_pb_text][\/et_pb_column][\/et_pb_row][et_pb_row][et_pb_column type=\u00a0\u00bb4_4&Prime;][et_pb_divider _builder_version=\u00a0\u00bb3.2&Prime; color=\u00a0\u00bb#e0e0e0&Prime; \/][\/et_pb_column][\/et_pb_row][\/et_pb_section][et_pb_section bb_built=\u00a0\u00bb1&Prime; next_background_color=\u00a0\u00bb#000000&Prime; prev_background_color=\u00a0\u00bb#000000&Prime;][et_pb_row][et_pb_column type=\u00a0\u00bb1_3&Prime;][et_pb_image _builder_version=\u00a0\u00bb3.2&Prime; src=\u00a0\u00bbhttps:\/\/doo-conseil.com\/wp-content\/uploads\/2022\/03\/changement-du-consommateur.jpg\u00a0\u00bb url_new_window=\u00a0\u00bbon\u00a0\u00bb url=\u00a0\u00bbhttps:\/\/doo-conseil.com\/les-actus-demilie-11-03-2022\/\u00a0\u00bb \/][\/et_pb_column][et_pb_column type=\u00a0\u00bb2_3&Prime;][et_pb_text _builder_version=\u00a0\u00bb3.2&Prime;]<\/p>\n<h1 style=\"text-align: left;\"><a href=\"https:\/\/doo-conseil.com\/les-actus-demilie-11-03-2022\/\"><span style=\"color: #153b64;\"><span style=\"color: #e1ab10;\">Les actus d&rsquo;Emilie<\/span> &#8211; | Changements chez les consommateurs et les patients, innovation technologique, inclusion<\/span><span style=\"color: #153b64;\">\u00a0<\/span><span style=\"color: #153b64;\">|<\/span><\/a><\/h1>\n<p>[\/et_pb_text][et_pb_text _builder_version=\u00a0\u00bb3.2&Prime;]<\/p>\n<p><a href=\"https:\/\/doo-conseil.com\/les-actus-demilie-11-03-2022\/\"><span style=\"font-weight: 400;\">L&rsquo;exp\u00e9rience client au coeur de l&rsquo;innovation, il existe quelques astuces pour utiliser l&rsquo;IA. Le service client des banques \u00e0 Singapour a chang\u00e9. En Inde, la personnalisation de l&rsquo;exp\u00e9rience patient a \u00e9t\u00e9 mise en placeUn changement radical chez les consommateurs fait place \u00e0 une innovation technologique. Cette derni\u00e8re peut \u00e0 la fois favoriser et entraver l&rsquo;inclusion. A quel prix doit-on y avoir recours ?<\/span><\/a><\/p>\n<p>&nbsp;<\/p>\n<p>[\/et_pb_text][et_pb_text _builder_version=\u00a0\u00bb3.2&Prime;]<\/p>\n<p><a href=\"https:\/\/doo-conseil.com\/les-actus-demilie-11-03-2022\/\"><span style=\"color: #808080;\">11 mars 2022<\/span><\/a><\/p>\n<p>[\/et_pb_text][\/et_pb_column][\/et_pb_row][et_pb_row][et_pb_column type=\u00a0\u00bb4_4&Prime;][et_pb_divider _builder_version=\u00a0\u00bb3.2&Prime; color=\u00a0\u00bb#e0e0e0&Prime; \/][\/et_pb_column][\/et_pb_row][\/et_pb_section][et_pb_section bb_built=\u00a0\u00bb1&Prime; next_background_color=\u00a0\u00bb#000000&Prime; prev_background_color=\u00a0\u00bb#000000&Prime;][et_pb_row][et_pb_column type=\u00a0\u00bb1_3&Prime;][et_pb_image _builder_version=\u00a0\u00bb3.2&Prime; src=\u00a0\u00bbhttps:\/\/doo-conseil.com\/wp-content\/uploads\/2022\/03\/Actus.jpg\u00a0\u00bb url_new_window=\u00a0\u00bbon\u00a0\u00bb url=\u00a0\u00bbhttps:\/\/doo-conseil.com\/les-actus-demilie-04-03-2022\/ \u00a0\u00bb \/][\/et_pb_column][et_pb_column type=\u00a0\u00bb2_3&Prime;][et_pb_text _builder_version=\u00a0\u00bb3.2&Prime;]<\/p>\n<h1 style=\"text-align: left;\"><a href=\"https:\/\/doo-conseil.com\/les-actus-demilie-04-03-2022\/\"><span style=\"color: #153b64;\"><span style=\"color: #e1ab10;\">Les actus d&rsquo;Emilie<\/span> &#8211; | Tour d&rsquo;horizon : la technologie \u00e0 l&rsquo;international en exp\u00e9rience client et en exp\u00e9rience patient<\/span><span style=\"color: #153b64;\">\u00a0<\/span><span style=\"color: #153b64;\">|<\/span><\/a><\/h1>\n<p>[\/et_pb_text][et_pb_text _builder_version=\u00a0\u00bb3.2&Prime;]<\/p>\n<p><a href=\"https:\/\/doo-conseil.com\/les-actus-demilie-04-03-2022\/\"><span style=\"font-weight: 400;\">L&rsquo;exp\u00e9rience client au coeur de l&rsquo;innovation, il existe quelques astuces pour utiliser l&rsquo;IA. Le service client des banques \u00e0 Singapour a chang\u00e9. En Inde, la personnalisation de l&rsquo;exp\u00e9rience patient a \u00e9t\u00e9 mise en place. <\/span><\/a><\/p>\n<p>&nbsp;<\/p>\n<p>[\/et_pb_text][et_pb_text _builder_version=\u00a0\u00bb3.2&Prime;]<\/p>\n<p><a href=\"https:\/\/doo-conseil.com\/les-actus-demilie-04-03-2022\/\"><span style=\"color: #808080;\">4 mars 2022<\/span><\/a><\/p>\n<p>[\/et_pb_text][\/et_pb_column][\/et_pb_row][et_pb_row][et_pb_column type=\u00a0\u00bb4_4&Prime;][et_pb_divider _builder_version=\u00a0\u00bb3.2&Prime; color=\u00a0\u00bb#e0e0e0&Prime; \/][\/et_pb_column][\/et_pb_row][\/et_pb_section][et_pb_section bb_built=\u00a0\u00bb1&Prime; next_background_color=\u00a0\u00bb#000000&Prime; prev_background_color=\u00a0\u00bb#000000&Prime;][et_pb_row][et_pb_column type=\u00a0\u00bb1_3&Prime;][et_pb_image _builder_version=\u00a0\u00bb3.2&Prime; src=\u00a0\u00bbhttps:\/\/doo-conseil.com\/wp-content\/uploads\/2022\/02\/Technologie.jpg\u00a0\u00bb url_new_window=\u00a0\u00bbon\u00a0\u00bb url=\u00a0\u00bbhttps:\/\/doo-conseil.com\/les-actus-demilie-24-02-2022\/\u00a0\u00bb \/][\/et_pb_column][et_pb_column type=\u00a0\u00bb2_3&Prime;][et_pb_text _builder_version=\u00a0\u00bb3.2&Prime;]<\/p>\n<h1 style=\"text-align: left;\"><a href=\"https:\/\/doo-conseil.com\/les-actus-demilie-24-02-2022\/\"><span style=\"color: #153b64;\"><span style=\"color: #e1ab10;\">Les actus d&rsquo;Emilie<\/span> &#8211; | Les clients n&rsquo;ont pas toujours raison, la place de l&rsquo;inclusion en entreprise<\/span><span style=\"color: #153b64;\">\u00a0<\/span><span style=\"color: #153b64;\">|<\/span><\/a><\/h1>\n<p>[\/et_pb_text][et_pb_text _builder_version=\u00a0\u00bb3.2&Prime;]<\/p>\n<p><a href=\"https:\/\/doo-conseil.com\/les-actus-demilie-24-02-2022\/\"><span style=\"font-weight: 400;\">La technologie est en pleine innovation en exp\u00e9rience client et en exp\u00e9rience patient. Le client, de plus en plus exigeant, est-il roi ? D&rsquo;autre part, est-il possible de mettre en place une politique d&rsquo;inclusion dans toutes les entreprises ?<\/span><\/a><\/p>\n<p>[\/et_pb_text][et_pb_text _builder_version=\u00a0\u00bb3.2&Prime;]<\/p>\n<p><span style=\"color: #808080;\">24 f\u00e9vrier 2022<\/span><\/p>\n<p>[\/et_pb_text][\/et_pb_column][\/et_pb_row][et_pb_row][et_pb_column type=\u00a0\u00bb4_4&Prime;][et_pb_divider _builder_version=\u00a0\u00bb3.2&Prime; color=\u00a0\u00bb#e0e0e0&Prime; \/][\/et_pb_column][\/et_pb_row][\/et_pb_section][et_pb_section bb_built=\u00a0\u00bb1&Prime; next_background_color=\u00a0\u00bb#000000&Prime; prev_background_color=\u00a0\u00bb#000000&Prime;][et_pb_row][et_pb_column type=\u00a0\u00bb1_3&Prime;][et_pb_image _builder_version=\u00a0\u00bb3.2&Prime; src=\u00a0\u00bbhttps:\/\/doo-conseil.com\/wp-content\/uploads\/2022\/02\/IA-humain-magasin.jpg\u00a0\u00bb url_new_window=\u00a0\u00bbon\u00a0\u00bb url=\u00a0\u00bbhttps:\/\/doo-conseil.com\/les-actus-demilie-17-02-2022\/ \u00a0\u00bb \/][\/et_pb_column][et_pb_column type=\u00a0\u00bb2_3&Prime;][et_pb_text _builder_version=\u00a0\u00bb3.2&Prime;]<\/p>\n<h1 style=\"text-align: left;\"><a href=\"https:\/\/doo-conseil.com\/les-actus-demilie-17-02-2022\/\"><span style=\"color: #153b64;\"><span style=\"color: #e1ab10;\">Les actus d&rsquo;Emilie<\/span> &#8211; | L&rsquo;Inde, l&rsquo;exp\u00e9rience client, et les voyages, l&rsquo;IA et l&rsquo;humain en magasin, astuces et application pour l&rsquo;exp\u00e9rience patient, des progr\u00e8s en inclusion<\/span><span style=\"color: #153b64;\">\u00a0<\/span><span style=\"color: #153b64;\">|<\/span><\/a><\/h1>\n<p>[\/et_pb_text][et_pb_text _builder_version=\u00a0\u00bb3.2&Prime;]<\/p>\n<p><a href=\"https:\/\/doo-conseil.com\/les-actus-demilie-17-02-2022\/\"><span style=\"font-weight: 400;\">L\u2019exp\u00e9rience client en Inde est gagnante dans les a\u00e9roports et l\u2019h\u00f4tellerie, mais qu\u2019en est-il pour les autres secteurs ? Les magasins sont d\u2019autre part en qu\u00eate d\u2019\u00e9quilibre entre l\u2019humain et l\u2019lA. Alors que l\u2019exp\u00e9rience patient est importante dans les instituts priv\u00e9s, une application d\u00e9di\u00e9e \u00e0 celle-ci a \u00e9t\u00e9 d\u00e9velopp\u00e9e par des \u00e9tudiants indon\u00e9siens. Le magazine Forbes pr\u00e9conise 3 actions en mati\u00e8re d\u2019inclusion, l\u2019entreprise UST devient \u201cTop employeur 2022\u201d dans 10 pays avec une approche vers la diversit\u00e9 et l\u2019inclusion.<\/span><\/a><\/p>\n<p>[\/et_pb_text][et_pb_text _builder_version=\u00a0\u00bb3.2&Prime;]<\/p>\n<p><a href=\"https:\/\/doo-conseil.com\/les-actus-demilie-17-02-2022\/\"><span style=\"color: #808080;\">17 f\u00e9vrier 2022<\/span><\/a><\/p>\n<p>[\/et_pb_text][\/et_pb_column][\/et_pb_row][et_pb_row][et_pb_column type=\u00a0\u00bb4_4&Prime;][et_pb_divider _builder_version=\u00a0\u00bb3.2&Prime; color=\u00a0\u00bb#e0e0e0&Prime; \/][\/et_pb_column][\/et_pb_row][\/et_pb_section][et_pb_section bb_built=\u00a0\u00bb1&Prime; next_background_color=\u00a0\u00bb#000000&Prime; prev_background_color=\u00a0\u00bb#000000&Prime;][et_pb_row][et_pb_column type=\u00a0\u00bb1_3&Prime;][et_pb_image _builder_version=\u00a0\u00bb3.2&Prime; src=\u00a0\u00bbhttps:\/\/doo-conseil.com\/wp-content\/uploads\/2022\/02\/exp\u00e9rience-patient.jpg\u00a0\u00bb url_new_window=\u00a0\u00bbon\u00a0\u00bb url=\u00a0\u00bbhttps:\/\/doo-conseil.com\/les-actus-demilie-10-02-2022\/\u00a0\u00bb \/][\/et_pb_column][et_pb_column type=\u00a0\u00bb2_3&Prime;][et_pb_text _builder_version=\u00a0\u00bb3.2&Prime;]<\/p>\n<h1 style=\"text-align: left;\"><a href=\"https:\/\/doo-conseil.com\/les-actus-demilie-10-02-2022\/\"><span style=\"color: #153b64;\"><span style=\"color: #e1ab10;\">Les actus d&rsquo;Emilie<\/span> &#8211; | L&rsquo;importance et la complexit\u00e9 croissante de l&rsquo;exp\u00e9rience client et de l&rsquo;inclusion, un film sur l&rsquo;exp\u00e9rience patient<\/span><span style=\"color: #153b64;\">\u00a0<\/span><span style=\"color: #153b64;\">|<\/span><\/a><\/h1>\n<p>[\/et_pb_text][et_pb_text _builder_version=\u00a0\u00bb3.2&Prime;]<\/p>\n<p><a href=\"https:\/\/doo-conseil.com\/les-actus-demilie-10-02-2022\/\"><span style=\"font-weight: 400;\">L&rsquo;exp\u00e9rience client et l&rsquo;inclusion deviennent plus importantes, mais s&rsquo;av\u00e8rent \u00eatre plus complexe. Un film r\u00e9alis\u00e9 en Chine refl\u00e8te la vie des patients et leurs proches.<\/span><\/a><\/p>\n<p>[\/et_pb_text][et_pb_text _builder_version=\u00a0\u00bb3.2&Prime;]<\/p>\n<p><a href=\"https:\/\/doo-conseil.com\/les-actus-demilie-10-02-2022\/\"><span style=\"color: #808080;\">10 f\u00e9vrier 2022<\/span><\/a><\/p>\n<p>[\/et_pb_text][\/et_pb_column][\/et_pb_row][et_pb_row][et_pb_column type=\u00a0\u00bb4_4&Prime;][et_pb_divider _builder_version=\u00a0\u00bb3.2&Prime; color=\u00a0\u00bb#e0e0e0&Prime; \/][\/et_pb_column][\/et_pb_row][\/et_pb_section][et_pb_section bb_built=\u00a0\u00bb1&Prime; next_background_color=\u00a0\u00bb#000000&Prime; prev_background_color=\u00a0\u00bb#000000&Prime;][et_pb_row][et_pb_column type=\u00a0\u00bb1_3&Prime;][et_pb_image _builder_version=\u00a0\u00bb3.2&Prime; src=\u00a0\u00bbhttps:\/\/doo-conseil.com\/wp-content\/uploads\/2022\/02\/exp\u00e9rience-client.jpg\u00a0\u00bb url_new_window=\u00a0\u00bbon\u00a0\u00bb url=\u00a0\u00bbhttps:\/\/doo-conseil.com\/les-actus-demilie-03-02-2022\/\u00a0\u00bb \/][\/et_pb_column][et_pb_column type=\u00a0\u00bb2_3&Prime;][et_pb_text _builder_version=\u00a0\u00bb3.2&Prime;]<\/p>\n<h1 style=\"text-align: left;\"><a href=\"https:\/\/doo-conseil.com\/les-actus-demilie-03-02-2022\/\"><span style=\"color: #153b64;\"><span style=\"color: #e1ab10;\">Les actus d&rsquo;Emilie<\/span> &#8211; | Automatisation en exp\u00e9rience client<\/span><span style=\"color: #153b64;\">, scandale en maisons de retraite, l&rsquo;inclusion favoris\u00e9e\u00a0<\/span><span style=\"color: #153b64;\">|<\/span><\/a><\/h1>\n<p>[\/et_pb_text][et_pb_text _builder_version=\u00a0\u00bb3.2&Prime;]<\/p>\n<p><a href=\"https:\/\/doo-conseil.com\/les-actus-demilie-03-02-2022\/\"><span style=\"font-weight: 400;\">Cette ann\u00e9e, l\u2019exp\u00e9rience client \u00e0 l\u2019international fait place \u00e0 l\u2019automatisation dans les paiements et le service client. L\u2019exp\u00e9rience patient en maisons de retraite est d\u2019autre part d&rsquo;actualit\u00e9&#8230; L\u2019inclusion est favoris\u00e9e que ce soit en exp\u00e9rience patient, en entreprise, ou dans les villes europ\u00e9ennes.<\/span><\/a><\/p>\n<p>[\/et_pb_text][et_pb_text _builder_version=\u00a0\u00bb3.2&Prime;]<\/p>\n<p><a href=\"https:\/\/doo-conseil.com\/les-actus-03-02-2022\/\"><span style=\"color: #808080;\">3 f\u00e9vrier 2022<\/span><\/a><\/p>\n<p>[\/et_pb_text][\/et_pb_column][\/et_pb_row][et_pb_row][et_pb_column type=\u00a0\u00bb4_4&Prime;][et_pb_divider _builder_version=\u00a0\u00bb3.2&Prime; color=\u00a0\u00bb#e0e0e0&Prime; \/][\/et_pb_column][\/et_pb_row][\/et_pb_section][et_pb_section bb_built=\u00a0\u00bb1&Prime; next_background_color=\u00a0\u00bb#000000&Prime; prev_background_color=\u00a0\u00bb#000000&Prime;][et_pb_row][et_pb_column type=\u00a0\u00bb1_3&Prime;][et_pb_image _builder_version=\u00a0\u00bb3.2&Prime; src=\u00a0\u00bbhttps:\/\/doo-conseil.com\/wp-content\/uploads\/2022\/01\/phygital.jpg\u00a0\u00bb url_new_window=\u00a0\u00bbon\u00a0\u00bb url=\u00a0\u00bbhttps:\/\/doo-conseil.com\/les-actus-demilie-25-01-202\/\u00a0\u00bb \/][\/et_pb_column][et_pb_column type=\u00a0\u00bb2_3&Prime;][et_pb_text _builder_version=\u00a0\u00bb3.2&Prime;]<\/p>\n<h1><a href=\"https:\/\/doo-conseil.com\/les-actus-demilie-25-01-202\/\"><span style=\"color: #153b64;\"><span style=\"color: #e1ab10;\">Les actus d&rsquo;Emilie<\/span> &#8211; | Des changements en exp\u00e9rience client \u00ab\u00a0phygital\u00a0\u00bb et en inclusion, gestion de donn\u00e9es en Tha\u00eflande |<\/span><\/a><\/h1>\n<p>[\/et_pb_text][et_pb_text _builder_version=\u00a0\u00bb3.2&Prime;]<\/p>\n<h5><a href=\"https:\/\/doo-conseil.com\/les-actus-demilie-25-01-202\/\">Cette semaine, des changements chez les clients et dans les politiques d\u2019inclusion des entreprises. La gestion des donn\u00e9es et l&rsquo;exp\u00e9rience client vus de Tha\u00eflande&#8230; Un livre \u00e0 d\u00e9couvrir sur le \u201cphygital\u201d&#8230;<\/a><\/h5>\n<p>[\/et_pb_text][et_pb_text _builder_version=\u00a0\u00bb3.2&Prime;]<\/p>\n<p><span style=\"color: #808080;\">25 janvier 2022<\/span><\/p>\n<p>[\/et_pb_text][\/et_pb_column][\/et_pb_row][et_pb_row][et_pb_column type=\u00a0\u00bb4_4&Prime;][et_pb_divider _builder_version=\u00a0\u00bb3.2&Prime; color=\u00a0\u00bb#e0e0e0&Prime; \/][\/et_pb_column][\/et_pb_row][\/et_pb_section][et_pb_section bb_built=\u00a0\u00bb1&Prime; next_background_color=\u00a0\u00bb#000000&Prime; prev_background_color=\u00a0\u00bb#000000&Prime;][et_pb_row][et_pb_column type=\u00a0\u00bb1_3&Prime;][et_pb_image _builder_version=\u00a0\u00bb3.2&Prime; src=\u00a0\u00bbhttps:\/\/doo-conseil.com\/wp-content\/uploads\/2022\/01\/Inclusion.jpg\u00a0\u00bb url=\u00a0\u00bbhttps:\/\/doo-conseil.com\/les-actus-demilie-18-01-2021\/\u00a0\u00bb \/][\/et_pb_column][et_pb_column type=\u00a0\u00bb2_3&Prime;][et_pb_text _builder_version=\u00a0\u00bb3.2&Prime;]<\/p>\n<h1><a href=\"https:\/\/doo-conseil.com\/les-actus-demilie-18-01-2021\/\"><span style=\"color: #153b64;\"><span style=\"color: #e1ab10;\">Les actus d&rsquo;Emilie<\/span> &#8211; | Les nouvelles r\u00e9solutions en \u00ab\u00a0exp\u00e9rience produit\u00a0\u00bb et en inclusion au travail |<\/span><\/a><\/h1>\n<p>[\/et_pb_text][et_pb_text _builder_version=\u00a0\u00bb3.2&Prime;]<\/p>\n<h5><a href=\"https:\/\/doo-conseil.com\/les-actus-demilie-18-01-2021\/\">La nouvelle ann\u00e9e fait place \u00e0 de l&rsquo;adaptation aux changements : \u00ab\u00a0l&rsquo;exp\u00e9rience produit\u00a0\u00bb, et l&rsquo;inclusion au travail.<\/a><\/h5>\n<p>[\/et_pb_text][et_pb_text _builder_version=\u00a0\u00bb3.2&Prime;]<\/p>\n<p><a href=\"https:\/\/doo-conseil.com\/wp-content\/uploads\/2022\/01\/Inclusion.jpg\"><span style=\"color: #808080;\">18 janvier 2022<\/span><\/a><\/p>\n<p>[\/et_pb_text][\/et_pb_column][\/et_pb_row][et_pb_row][et_pb_column type=\u00a0\u00bb4_4&Prime;][et_pb_divider _builder_version=\u00a0\u00bb3.2&Prime; color=\u00a0\u00bb#e0e0e0&Prime; \/][\/et_pb_column][\/et_pb_row][\/et_pb_section][et_pb_section bb_built=\u00a0\u00bb1&Prime; prev_background_color=\u00a0\u00bb#000000&Prime; next_background_color=\u00a0\u00bb#000000&Prime;][et_pb_row][et_pb_column type=\u00a0\u00bb1_3&Prime;][et_pb_image _builder_version=\u00a0\u00bb3.2&Prime; src=\u00a0\u00bbhttps:\/\/doo-conseil.com\/wp-content\/uploads\/2022\/01\/Champion-de-lexp\u00e9rience-client.jpg\u00a0\u00bb url=\u00a0\u00bbhttps:\/\/doo-conseil.com\/les-actus-demilie-11-01-2021\/\u00a0\u00bb \/][\/et_pb_column][et_pb_column type=\u00a0\u00bb2_3&Prime;][et_pb_text _builder_version=\u00a0\u00bb3.2&Prime;]<\/p>\n<h1><a href=\"https:\/\/doo-conseil.com\/les-actus-demilie-11-01-2021\/\"><span style=\"color: #153b64;\"><span style=\"color: #e1ab10;\">Les actus d&rsquo;Emilie<\/span> &#8211; | Mercure est champion de l&rsquo;exp\u00e9rience client, des nouvelles pratiques en magasins, l&rsquo;inclusion progresse |<\/span><\/a><\/h1>\n<p>[\/et_pb_text][et_pb_text _builder_version=\u00a0\u00bb3.2&Prime;]<\/p>\n<h5><a href=\"https:\/\/doo-conseil.com\/les-actus-demilie-11-01-2021\/\">Apr\u00e8s un succ\u00e8s de l&rsquo;exp\u00e9rience client au sein de certaines entreprises l&rsquo;an dernier, la nouvelle ann\u00e9e fait place \u00e0 de nouvelles pratiques en magasin. L&rsquo;inclusion est d&rsquo;autre part en pleine progression.<\/a><\/h5>\n<p>[\/et_pb_text][et_pb_text _builder_version=\u00a0\u00bb3.2&Prime;]<\/p>\n<p><span style=\"color: #808080;\">11 janvier 2022<\/span><\/p>\n<p>[\/et_pb_text][\/et_pb_column][\/et_pb_row][et_pb_row][et_pb_column type=\u00a0\u00bb4_4&Prime;][et_pb_divider _builder_version=\u00a0\u00bb3.2&Prime; color=\u00a0\u00bb#e0e0e0&Prime; \/][\/et_pb_column][\/et_pb_row][\/et_pb_section][et_pb_section bb_built=\u00a0\u00bb1&Prime; prev_background_color=\u00a0\u00bb#000000&Prime;][et_pb_row][et_pb_column type=\u00a0\u00bb1_3&Prime;][et_pb_image _builder_version=\u00a0\u00bb3.2&Prime; src=\u00a0\u00bbhttps:\/\/doo-conseil.com\/wp-content\/uploads\/2022\/01\/customer-experience.jpg\u00a0\u00bb url_new_window=\u00a0\u00bbon\u00a0\u00bb url=\u00a0\u00bbhttps:\/\/doo-conseil.com\/les-actus-demilie-04-01-2021\/\u00a0\u00bb \/][\/et_pb_column][et_pb_column type=\u00a0\u00bb2_3&Prime;][et_pb_text _builder_version=\u00a0\u00bb3.2&Prime;]<\/p>\n<h1><a href=\"https:\/\/doo-conseil.com\/les-actus-demilie-04-01-2021\/\"><span style=\"color: #153b64;\"><span style=\"color: #e1ab10;\">Les actus d&rsquo;Emilie<\/span> &#8211; | Transformations en exp\u00e9rience client, scandale en exp\u00e9rience patient, des initiatives en inclusion |<\/span><\/a><\/h1>\n<p>[\/et_pb_text][et_pb_text _builder_version=\u00a0\u00bb3.2&Prime;]<\/p>\n<h5><a href=\"https:\/\/doo-conseil.com\/les-actus-demilie-04-01-2021\/\">L&rsquo;exp\u00e9rience client se transforme. Vous trouverez un livre complet sur ce domaine. Des questions sur l&rsquo;\u00e9valuation en exp\u00e9rience client en pleine \u00e9pid\u00e9mie se posent.<\/a><\/h5>\n<p>[\/et_pb_text][et_pb_text _builder_version=\u00a0\u00bb3.2&Prime;]<\/p>\n<p><span style=\"color: #808080;\"><a style=\"color: #808080;\" href=\"https:\/\/doo-conseil.com\/wp-content\/uploads\/2022\/01\/customer-experience.jpg\">4 janvier 2022<\/a><\/span><\/p>\n<p>[\/et_pb_text][\/et_pb_column][\/et_pb_row][et_pb_row][et_pb_column type=\u00a0\u00bb4_4&Prime;][et_pb_divider _builder_version=\u00a0\u00bb3.2&Prime; color=\u00a0\u00bb#e0e0e0&Prime; \/][\/et_pb_column][\/et_pb_row][\/et_pb_section]<\/p>\n","protected":false},"excerpt":{"rendered":"<p>[et_pb_section bb_built=\u00a0\u00bb1&Prime; fullwidth=\u00a0\u00bboff\u00a0\u00bb specialty=\u00a0\u00bboff\u00a0\u00bb next_background_color=\u00a0\u00bb#000000&Prime;][et_pb_row][et_pb_column type=\u00a0\u00bb4_4&Prime;][et_pb_text _builder_version=\u00a0\u00bb3.2&Prime;] Les actus d&rsquo;Emilie Exp\u00e9rience patient, exp\u00e9rience client, inclusion&#8230; Chaque semaine Emilie nous propose une s\u00e9lection d&rsquo;actus et d&rsquo;articles fran\u00e7ais mais aussi internationaux qui nous aident \u00e0 d\u00e9crypter l&rsquo;\u00e9volution des pratiques et \u00e0 y voir clair dans nos m\u00e9tiers. Nous vous les partageons ici. [\/et_pb_text][\/et_pb_column][\/et_pb_row][et_pb_row][et_pb_column type=\u00a0\u00bb4_4&Prime;][et_pb_divider _builder_version=\u00a0\u00bb3.2&Prime; color=\u00a0\u00bb#153b64&Prime; \/][\/et_pb_column][\/et_pb_row][\/et_pb_section][et_pb_section [&hellip;]<\/p>\n","protected":false},"author":1,"featured_media":0,"parent":0,"menu_order":0,"comment_status":"closed","ping_status":"closed","template":"","meta":{"_et_pb_use_builder":"on","_et_pb_old_content":"","_et_gb_content_width":"","_mi_skip_tracking":false},"_links":{"self":[{"href":"https:\/\/doo.jocus.fr\/index.php?rest_route=\/wp\/v2\/pages\/1374"}],"collection":[{"href":"https:\/\/doo.jocus.fr\/index.php?rest_route=\/wp\/v2\/pages"}],"about":[{"href":"https:\/\/doo.jocus.fr\/index.php?rest_route=\/wp\/v2\/types\/page"}],"author":[{"embeddable":true,"href":"https:\/\/doo.jocus.fr\/index.php?rest_route=\/wp\/v2\/users\/1"}],"replies":[{"embeddable":true,"href":"https:\/\/doo.jocus.fr\/index.php?rest_route=%2Fwp%2Fv2%2Fcomments&post=1374"}],"version-history":[{"count":87,"href":"https:\/\/doo.jocus.fr\/index.php?rest_route=\/wp\/v2\/pages\/1374\/revisions"}],"predecessor-version":[{"id":1752,"href":"https:\/\/doo.jocus.fr\/index.php?rest_route=\/wp\/v2\/pages\/1374\/revisions\/1752"}],"wp:attachment":[{"href":"https:\/\/doo.jocus.fr\/index.php?rest_route=%2Fwp%2Fv2%2Fmedia&parent=1374"}],"curies":[{"name":"wp","href":"https:\/\/api.w.org\/{rel}","templated":true}]}}